{"id":9,"date":"2026-04-28T21:44:10","date_gmt":"2026-04-28T19:44:10","guid":{"rendered":"http:\/\/localhost:8080\/?page_id=9"},"modified":"2026-04-28T21:44:10","modified_gmt":"2026-04-28T19:44:10","slug":"uvodni-stranka","status":"publish","type":"page","link":"https:\/\/bach-esence.dgs.agency\/","title":{"rendered":"\u00davodn\u00ed str\u00e1nka"},"content":{"rendered":"","protected":false},"excerpt":{"rendered":"","protected":false},"author":1,"featured_media":0,"parent":0,"menu_order":0,"comment_status":"closed","ping_status":"closed","template":"","meta":{"_acf_changed":false,"footnotes":""},"class_list":["post-9","page","type-page","status-publish","hentry"],"acf":[],"_links":{"self":[{"href":"https:\/\/bach-esence.dgs.agency\/index.php?rest_route=\/wp\/v2\/pages\/9","targetHints":{"allow":["GET"]}}],"collection":[{"href":"https:\/\/bach-esence.dgs.agency\/index.php?rest_route=\/wp\/v2\/pages"}],"about":[{"href":"https:\/\/bach-esence.dgs.agency\/index.php?rest_route=\/wp\/v2\/types\/page"}],"author":[{"embeddable":true,"href":"https:\/\/bach-esence.dgs.agency\/index.php?rest_route=\/wp\/v2\/users\/1"}],"replies":[{"embeddable":true,"href":"https:\/\/bach-esence.dgs.agency\/index.php?rest_route=%2Fwp%2Fv2%2Fcomments&post=9"}],"version-history":[{"count":1,"href":"https:\/\/bach-esence.dgs.agency\/index.php?rest_route=\/wp\/v2\/pages\/9\/revisions"}],"predecessor-version":[{"id":10,"href":"https:\/\/bach-esence.dgs.agency\/index.php?rest_route=\/wp\/v2\/pages\/9\/revisions\/10"}],"wp:attachment":[{"href":"https:\/\/bach-esence.dgs.agency\/index.php?rest_route=%2Fwp%2Fv2%2Fmedia&parent=9"}],"curies":[{"name":"wp","href":"https:\/\/api.w.org\/{rel}","templated":true}]}}